{"id":415,"date":"2023-06-16T15:04:50","date_gmt":"2023-06-16T15:04:50","guid":{"rendered":"http:\/\/nagelargentina.com\/?page_id=415"},"modified":"2023-11-24T16:59:38","modified_gmt":"2023-11-24T16:59:38","slug":"piezas-especiales","status":"publish","type":"page","link":"http:\/\/nagelargentina.com\/en\/piezas-especiales\/","title":{"rendered":"Special parts"},"content":{"rendered":"<p>[et_pb_section fb_built=\u00bb1&#8243; custom_padding_last_edited=\u00bbon|phone\u00bb _builder_version=\u00bb4.21.0&#8243; _module_preset=\u00bbdefault\u00bb background_color=\u00bb#f9f9f9&#8243; background_image=\u00bbhttp:\/\/nagelargentina.com\/wp-content\/uploads\/2023\/09\/banner-piezas-especiales-nagel.jpg\u00bb parallax=\u00bbon\u00bb background_blend=\u00bboverlay\u00bb custom_margin=\u00bb-116px||||false|false\u00bb custom_padding=\u00bb175px||118px||false|false\u00bb custom_padding_tablet=\u00bb175px||159px||false|false\u00bb custom_padding_phone=\u00bb118px||100px||false|false\u00bb bottom_divider_style=\u00bbwave\u00bb bottom_divider_color=\u00bb#f9f9f9&#8243; bottom_divider_height=\u00bb60px\u00bb bottom_divider_repeat=\u00bb1x\u00bb bottom_divider_flip=\u00bbvertical\u00bb global_colors_info=\u00bb{}\u00bb][et_pb_row _builder_version=\u00bb4.21.0&#8243; _module_preset=\u00bbdefault\u00bb custom_margin=\u00bb||||false|false\u00bb custom_margin_tablet=\u00bb||||false|false\u00bb custom_margin_phone=\u00bb30px||0px||false|false\u00bb custom_margin_last_edited=\u00bbon|phone\u00bb global_colors_info=\u00bb{}\u00bb][et_pb_column type=\u00bb4_4&#8243; _builder_version=\u00bb4.21.0&#8243; _module_preset=\u00bbdefault\u00bb global_colors_info=\u00bb{}\u00bb][et_pb_text content_tablet=\u00bb<\/p>\n<h1>Acerca de Nagel:<br \/>Expertos en aceros<\/h1>\n<p>\u00bb content_phone=\u00bb<\/p>\n<h1>Acerca de Nagel: Expertos en aceros<\/h1>\n<p>\u00bb content_last_edited=\u00bboff|desktop\u00bb _builder_version=\u00bb4.21.0&#8243; _module_preset=\u00bbdefault\u00bb header_font=\u00bb|800|||||||\u00bb header_text_color=\u00bb#FFFFFF\u00bb header_font_size=\u00bb60px\u00bb header_line_height=\u00bb1.1em\u00bb width_tablet=\u00bb40%\u00bb width_phone=\u00bb100%\u00bb width_last_edited=\u00bbon|phone\u00bb custom_margin=\u00bb||18px|||\u00bb custom_margin_tablet=\u00bb||18px|||\u00bb custom_margin_phone=\u00bb||0px||false|false\u00bb custom_margin_last_edited=\u00bbon|phone\u00bb header_font_size_tablet=\u00bb60px\u00bb header_font_size_phone=\u00bb35px\u00bb header_font_size_last_edited=\u00bbon|phone\u00bb header_line_height_tablet=\u00bb1.3em\u00bb header_line_height_phone=\u00bb1.3em\u00bb header_line_height_last_edited=\u00bbon|phone\u00bb global_colors_info=\u00bb{}\u00bb]<\/p>\n<h1>Tecnolog\u00eda y experiencia en la fabricaci\u00f3n de piezas de alambre de acero<\/h1>\n<p>[\/et_pb_text][\/et_pb_column][\/et_pb_row][\/et_pb_section][et_pb_section fb_built=\u00bb1&#8243; _builder_version=\u00bb4.21.0&#8243; _module_preset=\u00bbdefault\u00bb background_color=\u00bb#f9f9f9&#8243; custom_padding=\u00bb10px||10px||true|false\u00bb bottom_divider_flip=\u00bbhorizontal\u00bb global_colors_info=\u00bb{}\u00bb][et_pb_row column_structure=\u00bb1_2,1_2&#8243; use_custom_gutter=\u00bbon\u00bb gutter_width=\u00bb2&#8243; make_equal=\u00bbon\u00bb _builder_version=\u00bb4.21.0&#8243; _module_preset=\u00bbdefault\u00bb global_colors_info=\u00bb{}\u00bb][et_pb_column type=\u00bb1_2&#8243; _builder_version=\u00bb4.21.0&#8243; _module_preset=\u00bbdefault\u00bb custom_css_main_element=\u00bbMARGIN:AUTO\u00bb global_colors_info=\u00bb{}\u00bb][et_pb_text _builder_version=\u00bb4.21.0&#8243; _module_preset=\u00bbdefault\u00bb text_font=\u00bb|600|||||||\u00bb text_text_color=\u00bbgcid-cec3568d-9396-445b-a53b-b3b157413e37&#8243; text_font_size=\u00bb24px\u00bb text_line_height=\u00bb1.3em\u00bb custom_margin=\u00bb||26px|||\u00bb global_colors_info=\u00bb{%22gcid-cec3568d-9396-445b-a53b-b3b157413e37%22:%91%22text_text_color%22%93}\u00bb]<\/p>\n<p>Fabricamos piezas de alambre para la industria con expertise \u00fanico en el mercado<\/p>\n<p>[\/et_pb_text][et_pb_text _builder_version=\u00bb4.21.0&#8243; _module_preset=\u00bbdefault\u00bb header_4_font=\u00bb|600|||||||\u00bb header_4_text_color=\u00bbgcid-7dd12731-9e9f-4b8c-ad65-19877bf100b6&#8243; header_4_font_size=\u00bb20px\u00bb header_4_line_height=\u00bb1.8em\u00bb global_colors_info=\u00bb{%22gcid-7dd12731-9e9f-4b8c-ad65-19877bf100b6%22:%91%22header_4_text_color%22%93}\u00bb]<\/p>\n<h4 class=\"et_pb_module_header et-fb-editable-element et-fb-editable-element__editing\" data-shortcode-id=\"2.0.0.2-1693338183817\" data-quickaccess-id=\"header\" contenteditable=\"true\">Sabemos que nuestro trabajo impacta en la calidad de su trabajo, por eso entregamos exactamente aquello con lo que nos comprometemos.<\/h4>\n<p>[\/et_pb_text][et_pb_text _builder_version=\u00bb4.21.0&#8243; _module_preset=\u00bbdefault\u00bb header_4_font=\u00bb|600|||||||\u00bb header_4_text_color=\u00bbgcid-7dd12731-9e9f-4b8c-ad65-19877bf100b6&#8243; header_4_font_size=\u00bb20px\u00bb header_4_line_height=\u00bb1.7em\u00bb global_colors_info=\u00bb{%22gcid-7dd12731-9e9f-4b8c-ad65-19877bf100b6%22:%91%22header_4_text_color%22%93}\u00bb]<\/p>\n<h4 class=\"et_pb_module_header et-fb-editable-element et-fb-editable-element__editing\" data-shortcode-id=\"2.0.0.3-1693338183836\" data-quickaccess-id=\"header\" contenteditable=\"true\">Trabajamos con margenes de error inferiores al 0.01mm<\/h4>\n<p>[\/et_pb_text][\/et_pb_column][et_pb_column type=\u00bb1_2&#8243; _builder_version=\u00bb4.21.0&#8243; _module_preset=\u00bbdefault\u00bb custom_css_main_element=\u00bbmargin:auto\u00bb global_colors_info=\u00bb{}\u00bb][et_pb_image src=\u00bbhttp:\/\/nagelargentina.com\/wp-content\/uploads\/2023\/08\/industria-resortes-nagel.png\u00bb title_text=\u00bbindustria-resortes-nagel\u00bb _builder_version=\u00bb4.21.0&#8243; _module_preset=\u00bbdefault\u00bb max_width=\u00bb80%\u00bb module_alignment=\u00bbcenter\u00bb custom_margin_tablet=\u00bb\u00bb custom_margin_phone=\u00bb50px||||false|false\u00bb custom_margin_last_edited=\u00bbon|phone\u00bb border_radii=\u00bboff|30px||30px|\u00bb global_colors_info=\u00bb{}\u00bb][\/et_pb_image][\/et_pb_column][\/et_pb_row][\/et_pb_section][et_pb_section fb_built=\u00bb1&#8243; _builder_version=\u00bb4.21.0&#8243; _module_preset=\u00bbdefault\u00bb custom_padding=\u00bb0px||0px||true|false\u00bb global_colors_info=\u00bb{}\u00bb][et_pb_row use_custom_gutter=\u00bbon\u00bb gutter_width=\u00bb1&#8243; make_equal=\u00bbon\u00bb _builder_version=\u00bb4.21.0&#8243; _module_preset=\u00bbdefault\u00bb background_color=\u00bb#1662b1&#8243; background_enable_mask_style=\u00bbon\u00bb background_mask_style=\u00bbdiagonal-bars\u00bb background_mask_color=\u00bbgcid-cec3568d-9396-445b-a53b-b3b157413e37&#8243; background_mask_transform=\u00bbflip_horizontal\u00bb width=\u00bb100%\u00bb max_width=\u00bb100%\u00bb custom_padding=\u00bb65px||65px||true|false\u00bb global_colors_info=\u00bb{%22gcid-cec3568d-9396-445b-a53b-b3b157413e37%22:%91%22background_mask_color%22%93}\u00bb][et_pb_column type=\u00bb4_4&#8243; _builder_version=\u00bb4.21.0&#8243; _module_preset=\u00bbdefault\u00bb background_enable_color=\u00bboff\u00bb custom_padding=\u00bb|100px||100px|false|true\u00bb custom_padding_tablet=\u00bb|100px||100px|false|true\u00bb custom_padding_phone=\u00bb50px|40px|50px|40px|true|true\u00bb custom_padding_last_edited=\u00bbon|phone\u00bb custom_css_main_element=\u00bbmargin:auto\u00bb global_colors_info=\u00bb{}\u00bb][et_pb_text _builder_version=\u00bb4.21.0&#8243; _module_preset=\u00bbdefault\u00bb header_2_font=\u00bb|600|||||||\u00bb header_2_text_align=\u00bbcenter\u00bb header_2_text_color=\u00bb#FFFFFF\u00bb header_2_font_size=\u00bb32px\u00bb header_2_line_height=\u00bb1.2em\u00bb custom_margin=\u00bb||10px|||\u00bb global_colors_info=\u00bb{}\u00bb]<\/p>\n<h2>Desde la materia prima hasta el proceso de embalaje, nuestro compromiso es total con la calidad.<\/h2>\n<p>[\/et_pb_text][et_pb_button button_url=\u00bb@ET-DC@eyJkeW5hbWljIjp0cnVlLCJjb250ZW50IjoicG9zdF9saW5rX3VybF9wYWdlIiwic2V0dGluZ3MiOnsicG9zdF9pZCI6IjMwNyJ9fQ==@\u00bb button_text=\u00bbContactar ahora\u00bb button_alignment=\u00bbcenter\u00bb button_alignment_tablet=\u00bb\u00bb button_alignment_phone=\u00bbcenter\u00bb button_alignment_last_edited=\u00bbon|phone\u00bb _builder_version=\u00bb4.21.0&#8243; _dynamic_attributes=\u00bbbutton_url\u00bb _module_preset=\u00bbdefault\u00bb custom_button=\u00bbon\u00bb button_text_size=\u00bb18px\u00bb button_text_color=\u00bb#FFFFFF\u00bb button_border_width=\u00bb2px\u00bb button_border_radius=\u00bb26px\u00bb global_colors_info=\u00bb{}\u00bb][\/et_pb_button][\/et_pb_column][\/et_pb_row][\/et_pb_section][et_pb_section fb_built=\u00bb1&#8243; _builder_version=\u00bb4.21.0&#8243; _module_preset=\u00bbdefault\u00bb background_color=\u00bb#f9f9f9&#8243; custom_padding=\u00bb10px||10px||true|false\u00bb bottom_divider_flip=\u00bbhorizontal\u00bb global_colors_info=\u00bb{}\u00bb][et_pb_row column_structure=\u00bb1_2,1_2&#8243; use_custom_gutter=\u00bbon\u00bb gutter_width=\u00bb2&#8243; make_equal=\u00bbon\u00bb _builder_version=\u00bb4.21.0&#8243; _module_preset=\u00bbdefault\u00bb global_colors_info=\u00bb{}\u00bb][et_pb_column type=\u00bb1_2&#8243; _builder_version=\u00bb4.21.0&#8243; _module_preset=\u00bbdefault\u00bb custom_css_main_element=\u00bbmargin:auto\u00bb global_colors_info=\u00bb{}\u00bb][et_pb_image src=\u00bbhttp:\/\/nagelargentina.com\/wp-content\/uploads\/2023\/09\/imagen-maquinaria-cuadrada-01.png\u00bb title_text=\u00bbimagen-maquinaria-cuadrada-01&#8243; _builder_version=\u00bb4.21.0&#8243; _module_preset=\u00bbdefault\u00bb max_width=\u00bb80%\u00bb module_alignment=\u00bbcenter\u00bb custom_margin_tablet=\u00bb\u00bb custom_margin_phone=\u00bb50px||||false|false\u00bb custom_margin_last_edited=\u00bbon|phone\u00bb border_radii=\u00bboff|30px||30px|\u00bb global_colors_info=\u00bb{}\u00bb][\/et_pb_image][\/et_pb_column][et_pb_column type=\u00bb1_2&#8243; _builder_version=\u00bb4.21.0&#8243; _module_preset=\u00bbdefault\u00bb custom_css_main_element=\u00bbMARGIN:AUTO\u00bb global_colors_info=\u00bb{}\u00bb][et_pb_text _builder_version=\u00bb4.21.0&#8243; _module_preset=\u00bbdefault\u00bb header_2_font=\u00bb|600|||||||\u00bb header_2_text_align=\u00bbleft\u00bb header_2_text_color=\u00bb#000000&#8243; header_2_font_size=\u00bb32px\u00bb header_2_line_height=\u00bb1.3em\u00bb header_3_line_height=\u00bb1.4em\u00bb custom_margin=\u00bb||10px|||\u00bb global_colors_info=\u00bb{}\u00bb]<\/p>\n<h2><strong>Tenemos una amplia capacidad de producci\u00f3n, con maquinaria de tecnolog\u00eda l\u00edder a nivel mundial<\/strong><\/h2>\n<h3>Elegimos ingenier\u00eda mec\u00e1nica Alemana para nuestros procesos de producci\u00f3n.<\/h3>\n<p>[\/et_pb_text][\/et_pb_column][\/et_pb_row][\/et_pb_section][et_pb_section fb_built=\u00bb1&#8243; _builder_version=\u00bb4.21.0&#8243; _module_preset=\u00bbdefault\u00bb background_color=\u00bb#f7f7f7&#8243; global_colors_info=\u00bb{}\u00bb][et_pb_row column_structure=\u00bb1_2,1_2&#8243; make_equal=\u00bbon\u00bb _builder_version=\u00bb4.21.0&#8243; _module_preset=\u00bbdefault\u00bb min_height=\u00bb550px\u00bb locked=\u00bboff\u00bb global_colors_info=\u00bb{}\u00bb][et_pb_column type=\u00bb1_2&#8243; _builder_version=\u00bb4.21.0&#8243; _module_preset=\u00bbdefault\u00bb background_color=\u00bbgcid-cec3568d-9396-445b-a53b-b3b157413e37&#8243; custom_padding=\u00bb42px|50px|42px|50px|true|true\u00bb custom_padding_tablet=\u00bb35px|50px|35px|50px|true|true\u00bb custom_padding_phone=\u00bb|20px||20px|true|true\u00bb custom_padding_last_edited=\u00bbon|phone\u00bb custom_css_main_element=\u00bbmargin:auto\u00bb border_radii=\u00bbon|30px|30px|30px|30px\u00bb global_colors_info=\u00bb{%22gcid-cec3568d-9396-445b-a53b-b3b157413e37%22:%91%22background_color%22%93}\u00bb][et_pb_text _builder_version=\u00bb4.21.0&#8243; _module_preset=\u00bbdefault\u00bb text_font=\u00bb||||||||\u00bb text_text_color=\u00bb#FFFFFF\u00bb text_font_size=\u00bb15px\u00bb text_letter_spacing=\u00bb2px\u00bb header_4_font=\u00bb|600|||||||\u00bb header_4_text_color=\u00bb#FFFFFF\u00bb header_4_font_size=\u00bb20px\u00bb header_4_letter_spacing=\u00bb1px\u00bb header_4_line_height=\u00bb1.4em\u00bb custom_margin=\u00bb||14px||false|false\u00bb custom_padding=\u00bb||||false|false\u00bb text_font_size_tablet=\u00bb15px\u00bb text_font_size_phone=\u00bb14px\u00bb text_font_size_last_edited=\u00bbon|phone\u00bb header_4_letter_spacing_tablet=\u00bb1px\u00bb header_4_letter_spacing_phone=\u00bb1px\u00bb header_4_letter_spacing_last_edited=\u00bbon|phone\u00bb header_4_line_height_tablet=\u00bb2.4em\u00bb header_4_line_height_phone=\u00bb1.3em\u00bb header_4_line_height_last_edited=\u00bbon|phone\u00bb global_colors_info=\u00bb{}\u00bb]<\/p>\n<p><em>Podemos fabricar la pieza que necesites<\/em><\/p>\n<h4>Comunicate con nosotros o envianos tu pedido de cotizaci\u00f3n<\/h4>\n<p>[\/et_pb_text][et_pb_code _builder_version=\u00bb4.21.0&#8243; _module_preset=\u00bbdefault\u00bb custom_margin=\u00bb-20px||||false|false\u00bb global_colors_info=\u00bb{}\u00bb]<div class=\"wpforms-container wpforms-container-full\" id=\"wpforms-388\"><form id=\"wpforms-form-388\" class=\"wpforms-validate wpforms-form wpforms-ajax-form\" data-formid=\"388\" method=\"post\" enctype=\"multipart\/form-data\" action=\"\/en\/wp-json\/wp\/v2\/pages\/415\" data-token=\"68e8aa1d03a5cdfaee7cded2b4416e34\"><noscript class=\"wpforms-error-noscript\">Please enable JavaScript in your browser to complete this form.<\/noscript><div class=\"wpforms-field-container\"><div id=\"wpforms-388-field_1-container\" class=\"wpforms-field wpforms-field-text\" data-field-id=\"1\"><label class=\"wpforms-field-label wpforms-label-hide\" for=\"wpforms-388-field_1\">Nombre<\/label><input type=\"text\" id=\"wpforms-388-field_1\" class=\"wpforms-field-large\" name=\"wpforms[fields][1]\" placeholder=\"Nombre\" ><\/div><div id=\"wpforms-388-field_2-container\" class=\"wpforms-field wpforms-field-email\" data-field-id=\"2\"><label class=\"wpforms-field-label wpforms-label-hide\" for=\"wpforms-388-field_2\">Email <span class=\"wpforms-required-label\">*<\/span><\/label><input type=\"email\" id=\"wpforms-388-field_2\" class=\"wpforms-field-large wpforms-field-required\" name=\"wpforms[fields][2]\" placeholder=\"Email\" spellcheck=\"false\" required><\/div><div id=\"wpforms-388-field_3-container\" class=\"wpforms-field wpforms-field-text\" data-field-id=\"3\"><label class=\"wpforms-field-label wpforms-label-hide\" for=\"wpforms-388-field_3\">Asunto<\/label><input type=\"text\" id=\"wpforms-388-field_3\" class=\"wpforms-field-large\" name=\"wpforms[fields][3]\" placeholder=\"Asunto\" ><\/div><div id=\"wpforms-388-field_4-container\" class=\"wpforms-field wpforms-field-textarea\" data-field-id=\"4\"><label class=\"wpforms-field-label wpforms-label-hide\" for=\"wpforms-388-field_4\">Escribe tu mensaje aqu\u00ed...<\/label><textarea id=\"wpforms-388-field_4\" class=\"wpforms-field-medium\" name=\"wpforms[fields][4]\" placeholder=\"Escribe tu mensaje aqu\u00ed...\" ><\/textarea><\/div><\/div><!-- .wpforms-field-container --><div class=\"wpforms-submit-container\" ><input type=\"hidden\" name=\"wpforms[id]\" value=\"388\"><input type=\"hidden\" name=\"wpforms[author]\" value=\"1\"><button type=\"submit\" name=\"wpforms[submit]\" id=\"wpforms-submit-388\" class=\"wpforms-submit\" data-alt-text=\"Enviando...\" data-submit-text=\"Enviar mensaje\" aria-live=\"assertive\" value=\"wpforms-submit\">Enviar mensaje<\/button><img loading=\"lazy\" decoding=\"async\" src=\"http:\/\/nagelargentina.com\/wp-content\/plugins\/wpforms\/assets\/images\/submit-spin.svg\" class=\"wpforms-submit-spinner\" style=\"display: none;\" width=\"26\" height=\"26\" alt=\"Loading\"><\/div><\/form><\/div>  <!-- .wpforms-container -->[\/et_pb_code][\/et_pb_column][et_pb_column type=\u00bb1_2&#8243; _builder_version=\u00bb4.21.0&#8243; _module_preset=\u00bbdefault\u00bb custom_css_main_element=\u00bbmargin:auto\u00bb border_radii=\u00bbon|30px|30px|30px|30px\u00bb box_shadow_style=\u00bbpreset1&#8243; box_shadow_color=\u00bbrgba(0,0,0,0.1)\u00bb global_colors_info=\u00bb{}\u00bb][et_pb_code _builder_version=\u00bb4.21.0&#8243; _module_preset=\u00bbdefault\u00bb global_colors_info=\u00bb{}\u00bb]<iframe src=\"https:\/\/www.google.com\/maps\/embed?pb=!1m14!1m8!1m3!1d13150.273823258147!2d-58.5150162!3d-34.5138232!3m2!1i1024!2i768!4f13.1!3m3!1m2!1s0x95bcb0e72f778ed5%3A0x5846a3343b2007b5!2sNagel%20SA!5e0!3m2!1ses!2sar!4v1683301803245!5m2!1ses!2sar\" width=\"100%\" height=\"550px\" style=\"border:0;\" allowfullscreen=\"\" loading=\"lazy\" referrerpolicy=\"no-referrer-when-downgrade\"><\/iframe>[\/et_pb_code][\/et_pb_column][\/et_pb_row][\/et_pb_section]<\/p>\n","protected":false},"excerpt":{"rendered":"<p>Tecnolog\u00eda y experiencia en la fabricaci\u00f3n de piezas de alambre de aceroFabricamos piezas de alambre para la industria con expertise \u00fanico en el mercadoSabemos que nuestro trabajo impacta en la calidad de su trabajo, por eso entregamos exactamente aquello con lo que nos comprometemos.Trabajamos con margenes de error inferiores al 0.01mmDesde la materia prima hasta el proceso de embalaje, nuestro compromiso es total con la calidad.Tenemos una amplia capacidad de producci\u00f3n, con maquinaria de tecnolog\u00eda l\u00edder a nivel mundial Elegimos ingenier\u00eda mec\u00e1nica Alemana para nuestros procesos de producci\u00f3n.Podemos fabricar la pieza que necesites Comunicate con nosotros o envianos tu pedido de cotizaci\u00f3n<div class=\"wpforms-container wpforms-container-full\" id=\"wpforms-388\"><form id=\"wpforms-form-388\" class=\"wpforms-validate wpforms-form wpforms-ajax-form\" data-formid=\"388\" method=\"post\" enctype=\"multipart\/form-data\" action=\"\/en\/wp-json\/wp\/v2\/pages\/415\" data-token=\"68e8aa1d03a5cdfaee7cded2b4416e34\"><noscript class=\"wpforms-error-noscript\">Please enable JavaScript in your browser to complete this form.<\/noscript><div class=\"wpforms-field-container\"><div id=\"wpforms-388-field_1-container\" class=\"wpforms-field wpforms-field-text\" data-field-id=\"1\"><label class=\"wpforms-field-label wpforms-label-hide\" for=\"wpforms-388-field_1\">Nombre<\/label><input type=\"text\" id=\"wpforms-388-field_1\" class=\"wpforms-field-large\" name=\"wpforms[fields][1]\" placeholder=\"Nombre\" ><\/div><div id=\"wpforms-388-field_2-container\" class=\"wpforms-field wpforms-field-email\" data-field-id=\"2\"><label class=\"wpforms-field-label wpforms-label-hide\" for=\"wpforms-388-field_2\">Email <span class=\"wpforms-required-label\">*<\/span><\/label><input type=\"email\" id=\"wpforms-388-field_2\" class=\"wpforms-field-large wpforms-field-required\" name=\"wpforms[fields][2]\" placeholder=\"Email\" spellcheck=\"false\" required><\/div><div id=\"wpforms-388-field_3-container\" class=\"wpforms-field wpforms-field-text\" data-field-id=\"3\"><label class=\"wpforms-field-label wpforms-label-hide\" for=\"wpforms-388-field_3\">Asunto<\/label><input type=\"text\" id=\"wpforms-388-field_3\" class=\"wpforms-field-large\" name=\"wpforms[fields][3]\" placeholder=\"Asunto\" ><\/div><div id=\"wpforms-388-field_4-container\" class=\"wpforms-field wpforms-field-textarea\" data-field-id=\"4\"><label class=\"wpforms-field-label wpforms-label-hide\" for=\"wpforms-388-field_4\">Escribe tu mensaje aqu\u00ed...<\/label><textarea id=\"wpforms-388-field_4\" class=\"wpforms-field-medium\" name=\"wpforms[fields][4]\" placeholder=\"Escribe tu mensaje aqu\u00ed...\" ><\/textarea><\/div><\/div><!-- .wpforms-field-container --><div class=\"wpforms-submit-container\" ><input type=\"hidden\" name=\"wpforms[id]\" value=\"388\"><input type=\"hidden\" name=\"wpforms[author]\" value=\"1\"><button type=\"submit\" name=\"wpforms[submit]\" id=\"wpforms-submit-388\" class=\"wpforms-submit\" data-alt-text=\"Enviando...\" data-submit-text=\"Enviar mensaje\" aria-live=\"assertive\" value=\"wpforms-submit\">Enviar mensaje<\/button><img loading=\"lazy\" decoding=\"async\" src=\"http:\/\/nagelargentina.com\/wp-content\/plugins\/wpforms\/assets\/images\/submit-spin.svg\" class=\"wpforms-submit-spinner\" style=\"display: none;\" width=\"26\" height=\"26\" alt=\"Loading\"><\/div><\/form><\/div>  <!-- .wpforms-container --><\/p>\n","protected":false},"author":1,"featured_media":0,"parent":0,"menu_order":0,"comment_status":"closed","ping_status":"closed","template":"","meta":{"_et_pb_use_builder":"on","_et_pb_old_content":"","_et_gb_content_width":"","_joinchat":[],"footnotes":""},"class_list":["post-415","page","type-page","status-publish","hentry"],"_links":{"self":[{"href":"http:\/\/nagelargentina.com\/en\/wp-json\/wp\/v2\/pages\/415","targetHints":{"allow":["GET"]}}],"collection":[{"href":"http:\/\/nagelargentina.com\/en\/wp-json\/wp\/v2\/pages"}],"about":[{"href":"http:\/\/nagelargentina.com\/en\/wp-json\/wp\/v2\/types\/page"}],"author":[{"embeddable":true,"href":"http:\/\/nagelargentina.com\/en\/wp-json\/wp\/v2\/users\/1"}],"replies":[{"embeddable":true,"href":"http:\/\/nagelargentina.com\/en\/wp-json\/wp\/v2\/comments?post=415"}],"version-history":[{"count":25,"href":"http:\/\/nagelargentina.com\/en\/wp-json\/wp\/v2\/pages\/415\/revisions"}],"predecessor-version":[{"id":847,"href":"http:\/\/nagelargentina.com\/en\/wp-json\/wp\/v2\/pages\/415\/revisions\/847"}],"wp:attachment":[{"href":"http:\/\/nagelargentina.com\/en\/wp-json\/wp\/v2\/media?parent=415"}],"curies":[{"name":"wp","href":"https:\/\/api.w.org\/{rel}","templated":true}]}}